{"id":820,"date":"2023-04-10T17:11:05","date_gmt":"2023-04-10T17:11:05","guid":{"rendered":"https:\/\/horasquecuentan.com\/?page_id=820"},"modified":"2026-03-03T12:00:49","modified_gmt":"2026-03-03T17:00:49","slug":"miembros","status":"publish","type":"page","link":"https:\/\/horasquecuentan.com\/index.php\/miembros\/","title":{"rendered":"Miembros"},"content":{"rendered":"\t\t<div data-elementor-type=\"wp-page\" data-elementor-id=\"820\" class=\"elementor elementor-820\">\n\t\t\t\t\t\t<section class=\"elementor-section elementor-top-section elementor-element elementor-element-44d12df elementor-section-boxed elementor-section-height-default elementor-section-height-default\" data-id=\"44d12df\" data-element_type=\"section\" data-e-type=\"section\" data-settings=\"{&quot;background_background&quot;:&quot;classic&quot;}\">\n\t\t\t\t\t\t<div class=\"elementor-container elementor-column-gap-default\">\n\t\t\t\t\t<div class=\"elementor-column elementor-col-50 elementor-top-column elementor-element elementor-element-dc46b83\" data-id=\"dc46b83\" data-element_type=\"column\" data-e-type=\"column\">\n\t\t\t<div class=\"elementor-widget-wrap elementor-element-populated\">\n\t\t\t\t\t\t<div class=\"elementor-element elementor-element-d718b12 elementor-widget elementor-widget-spacer\" data-id=\"d718b12\" data-element_type=\"widget\" data-e-type=\"widget\" data-widget_type=\"spacer.default\">\n\t\t\t\t<div class=\"elementor-widget-container\">\n\t\t\t\t\t\t\t<div class=\"elementor-spacer\">\n\t\t\t<div class=\"elementor-spacer-inner\"><\/div>\n\t\t<\/div>\n\t\t\t\t\t\t<\/div>\n\t\t\t\t<\/div>\n\t\t\t\t<div class=\"elementor-element elementor-element-eaa5956 elementor-widget elementor-widget-heading\" data-id=\"eaa5956\" data-element_type=\"widget\" data-e-type=\"widget\" data-widget_type=\"heading.default\">\n\t\t\t\t<div class=\"elementor-widget-container\">\n\t\t\t\t\t<h2 class=\"elementor-heading-title elementor-size-default\">Miembros<\/h2>\t\t\t\t<\/div>\n\t\t\t\t<\/div>\n\t\t\t\t<div class=\"elementor-element elementor-element-140fb2e elementor-widget elementor-widget-text-editor\" data-id=\"140fb2e\" data-element_type=\"widget\" data-e-type=\"widget\" data-widget_type=\"text-editor.default\">\n\t\t\t\t<div class=\"elementor-widget-container\">\n\t\t\t\t\t\t\t\t\t<p>Ser miembro de <strong data-start=\"106\" data-end=\"127\">Horas Que Cuentan<\/strong> es formar parte de una red donde el conocimiento se comparte, se multiplica y regresa en forma de oportunidades. Los miembros acceden a intercambios estrat\u00e9gicos, mentor\u00edas pr\u00e1cticas, acompa\u00f1amiento empresarial y una comunidad activa que entiende los retos reales de emprender en Panam\u00e1 y Centroam\u00e9rica. Adem\u00e1s, esta plataforma abre una nueva forma de voluntariado profesional: aportar tu experiencia no desde la caridad, sino desde la colaboraci\u00f3n inteligente. Aqu\u00ed no solo recibes apoyo, tambi\u00e9n dejas huella. Te invitamos a sumar tus horas, compartir tu talento y construir juntos un ecosistema empresarial m\u00e1s solidario y resiliente.<\/p>\t\t\t\t\t\t\t\t<\/div>\n\t\t\t\t<\/div>\n\t\t\t\t\t<\/div>\n\t\t<\/div>\n\t\t\t\t<div class=\"elementor-column elementor-col-50 elementor-top-column elementor-element elementor-element-3bfe799\" data-id=\"3bfe799\" data-element_type=\"column\" data-e-type=\"column\">\n\t\t\t<div class=\"elementor-widget-wrap elementor-element-populated\">\n\t\t\t\t\t\t<div class=\"elementor-element elementor-element-06f1553 elementor-widget__width-initial elementor-widget elementor-widget-directorist_all_authors\" data-id=\"06f1553\" data-element_type=\"widget\" data-e-type=\"widget\" data-widget_type=\"directorist_all_authors.default\">\n\t\t\t\t<div class=\"elementor-widget-container\">\n\t\t\t\t\t\n<div class=\"directorist-w-100 directorist-authors-section\" id=\"directorist-all-authors\">\n\n    <div class=\"directorist-container-fluid\">\n\n        <div class=\"directorist-authors\">\n\n            \n                <div class=\"directorist-authors__nav\">\n                    <ul>\n                        <li>\n                            <a href=\"#\" class=\"directorist-alphabet ALL\" data-nonce=\"7187569a87\" data-alphabet=\"ALL\">All<\/a>\n                        <\/li>\n                        \n                            <li>\n                                <a href=\"#\" class=\"directorist-alphabet A\" data-nonce=\"7187569a87\" data-alphabet=\"A\">A<\/a>\n                            <\/li>\n\n                        \n                            <li>\n                                <a href=\"#\" class=\"directorist-alphabet B\" data-nonce=\"7187569a87\" data-alphabet=\"B\">B<\/a>\n                            <\/li>\n\n                        \n                            <li>\n                                <a href=\"#\" class=\"directorist-alphabet C\" data-nonce=\"7187569a87\" data-alphabet=\"C\">C<\/a>\n                            <\/li>\n\n                        \n                            <li>\n                                <a href=\"#\" class=\"directorist-alphabet D\" data-nonce=\"7187569a87\" data-alphabet=\"D\">D<\/a>\n                            <\/li>\n\n                        \n                            <li>\n                                <a href=\"#\" class=\"directorist-alphabet E\" data-nonce=\"7187569a87\" data-alphabet=\"E\">E<\/a>\n                            <\/li>\n\n                        \n                            <li>\n                                <a href=\"#\" class=\"directorist-alphabet F\" data-nonce=\"7187569a87\" data-alphabet=\"F\">F<\/a>\n                            <\/li>\n\n                        \n                            <li>\n                                <a href=\"#\" class=\"directorist-alphabet G\" data-nonce=\"7187569a87\" data-alphabet=\"G\">G<\/a>\n                            <\/li>\n\n                        \n                            <li>\n                                <a href=\"#\" class=\"directorist-alphabet H\" data-nonce=\"7187569a87\" data-alphabet=\"H\">H<\/a>\n                            <\/li>\n\n                        \n                            <li>\n                                <a href=\"#\" class=\"directorist-alphabet I\" data-nonce=\"7187569a87\" data-alphabet=\"I\">I<\/a>\n                            <\/li>\n\n                        \n                            <li>\n                                <a href=\"#\" class=\"directorist-alphabet J\" data-nonce=\"7187569a87\" data-alphabet=\"J\">J<\/a>\n                            <\/li>\n\n                        \n                            <li>\n                                <a href=\"#\" class=\"directorist-alphabet K\" data-nonce=\"7187569a87\" data-alphabet=\"K\">K<\/a>\n                            <\/li>\n\n                        \n                            <li>\n                                <a href=\"#\" class=\"directorist-alphabet L\" data-nonce=\"7187569a87\" data-alphabet=\"L\">L<\/a>\n                            <\/li>\n\n                        \n                            <li>\n                                <a href=\"#\" class=\"directorist-alphabet M\" data-nonce=\"7187569a87\" data-alphabet=\"M\">M<\/a>\n                            <\/li>\n\n                        \n                            <li>\n                                <a href=\"#\" class=\"directorist-alphabet N\" data-nonce=\"7187569a87\" data-alphabet=\"N\">N<\/a>\n                            <\/li>\n\n                        \n                            <li>\n                                <a href=\"#\" class=\"directorist-alphabet O\" data-nonce=\"7187569a87\" data-alphabet=\"O\">O<\/a>\n                            <\/li>\n\n                        \n                            <li>\n                                <a href=\"#\" class=\"directorist-alphabet P\" data-nonce=\"7187569a87\" data-alphabet=\"P\">P<\/a>\n                            <\/li>\n\n                        \n                            <li>\n                                <a href=\"#\" class=\"directorist-alphabet Q\" data-nonce=\"7187569a87\" data-alphabet=\"Q\">Q<\/a>\n                            <\/li>\n\n                        \n                            <li>\n                                <a href=\"#\" class=\"directorist-alphabet R\" data-nonce=\"7187569a87\" data-alphabet=\"R\">R<\/a>\n                            <\/li>\n\n                        \n                            <li>\n                                <a href=\"#\" class=\"directorist-alphabet S\" data-nonce=\"7187569a87\" data-alphabet=\"S\">S<\/a>\n                            <\/li>\n\n                        \n                            <li>\n                                <a href=\"#\" class=\"directorist-alphabet T\" data-nonce=\"7187569a87\" data-alphabet=\"T\">T<\/a>\n                            <\/li>\n\n                        \n                            <li>\n                                <a href=\"#\" class=\"directorist-alphabet U\" data-nonce=\"7187569a87\" data-alphabet=\"U\">U<\/a>\n                            <\/li>\n\n                        \n                            <li>\n                                <a href=\"#\" class=\"directorist-alphabet V\" data-nonce=\"7187569a87\" data-alphabet=\"V\">V<\/a>\n                            <\/li>\n\n                        \n                            <li>\n                                <a href=\"#\" class=\"directorist-alphabet W\" data-nonce=\"7187569a87\" data-alphabet=\"W\">W<\/a>\n                            <\/li>\n\n                        \n                            <li>\n                                <a href=\"#\" class=\"directorist-alphabet X\" data-nonce=\"7187569a87\" data-alphabet=\"X\">X<\/a>\n                            <\/li>\n\n                        \n                            <li>\n                                <a href=\"#\" class=\"directorist-alphabet Y\" data-nonce=\"7187569a87\" data-alphabet=\"Y\">Y<\/a>\n                            <\/li>\n\n                        \n                            <li>\n                                <a href=\"#\" class=\"directorist-alphabet Z\" data-nonce=\"7187569a87\" data-alphabet=\"Z\">Z<\/a>\n                            <\/li>\n\n                                            <\/ul>\n                <\/div>\n\n            \n            <div class=\"directorist-authors__cards\">\n\n                <div class=\"directorist-row\">\n\n                    \n                            <div class=\"directorist-col-4\">\n\n                                <div class=\"directorist-authors__card\">\n\n                                    \n                                        <div class=\"directorist-authors__card__img\">\n                                            <img decoding=\"async\" src=\"https:\/\/horasquecuentan.com\/wp-content\/uploads\/2021\/08\/cropped-lotus-spa-template-about-team-img-2-96x96.jpg\" alt=\"akvaloz\">\n                                        <\/div>\n\n                                    \n                                    <div class=\"directorist-authors__card__details\">\n\n                                        <div class=\"directorist-authors__card__details__top\">\n                                                                                            <h2>akvaloz<\/h2>\n                                                                                    <\/div>\n\n                                        \n                                            <ul class=\"directorist-authors__card__info-list\">\n\n                                                \n                                                \n                                                \n                                                                                                    <li><i class=\"directorist-icon-mask\" aria-hidden=\"true\" style=\"--directorist-icon: url(https:\/\/horasquecuentan.com\/wp-content\/plugins\/directorist\/assets\/icons\/line-awesome\/svgs\/globe-solid.svg)\"><\/i> <a href=\"https:\/\/horasquecuentan.com\">https:\/\/horasquecuentan.com<\/a><\/li>\n                                                \n                                            <\/ul>\n\n                                        \n                                        \n                                        \n                                            <ul class=\"directorist-author-social directorist-author-social--light\">\n\n                                                \n                                                \n                                                \n                                                \n                                            <\/ul>\n\n                                        \n                                                                                    <a href=\"https:\/\/horasquecuentan.com\/index.php\/perfil-del-autor\/akvaloz\/\" class=\"directorist-btn directorist-btn-light directorist-btn-block\">Ver todos los anuncios<\/a>\n                                        \n                                    <\/div>\n\n                                <\/div>\n                            <\/div>\n\n                            \n                            <div class=\"directorist-col-4\">\n\n                                <div class=\"directorist-authors__card\">\n\n                                    \n                                        <div class=\"directorist-authors__card__img\">\n                                            <img decoding=\"async\" src=\"https:\/\/horasquecuentan.com\/wp-content\/uploads\/2026\/02\/cropped-Captura-de-pantalla-2023-03-22-175536-96x96.jpg\" alt=\"Jira\">\n                                        <\/div>\n\n                                    \n                                    <div class=\"directorist-authors__card__details\">\n\n                                        <div class=\"directorist-authors__card__details__top\">\n                                                                                            <h2>Jira<\/h2>\n                                                                                    <\/div>\n\n                                        \n                                            <ul class=\"directorist-authors__card__info-list\">\n\n                                                \n                                                \n                                                \n                                                \n                                            <\/ul>\n\n                                        \n                                        \n                                        \n                                            <ul class=\"directorist-author-social directorist-author-social--light\">\n\n                                                \n                                                \n                                                \n                                                \n                                            <\/ul>\n\n                                        \n                                                                                    <a href=\"https:\/\/horasquecuentan.com\/index.php\/perfil-del-autor\/Jira\/\" class=\"directorist-btn directorist-btn-light directorist-btn-block\">Ver todos los anuncios<\/a>\n                                        \n                                    <\/div>\n\n                                <\/div>\n                            <\/div>\n\n                            \n                <\/div>\n\n                <div class=\"directorist-pagination directorist-authors__pagination directorist-authors-pagination\">\n                                    <\/div>\n\n            <\/div>\n\n        <\/div>\n    <\/div>\n<\/div>\t\t\t\t<\/div>\n\t\t\t\t<\/div>\n\t\t\t\t\t<\/div>\n\t\t<\/div>\n\t\t\t\t\t<\/div>\n\t\t<\/section>\n\t\t\t\t<section class=\"elementor-section elementor-top-section elementor-element elementor-element-dac0fe1 elementor-section-boxed elementor-section-height-default elementor-section-height-default\" data-id=\"dac0fe1\" data-element_type=\"section\" data-e-type=\"section\" data-settings=\"{&quot;background_background&quot;:&quot;classic&quot;}\">\n\t\t\t\t\t\t<div class=\"elementor-container elementor-column-gap-default\">\n\t\t\t\t\t<div class=\"elementor-column elementor-col-100 elementor-top-column elementor-element elementor-element-475f5bc\" data-id=\"475f5bc\" data-element_type=\"column\" data-e-type=\"column\">\n\t\t\t<div class=\"elementor-widget-wrap elementor-element-populated\">\n\t\t\t\t\t\t<div class=\"elementor-element elementor-element-09a910a elementor-widget__width-initial elementor-widget elementor-widget-image\" data-id=\"09a910a\" data-element_type=\"widget\" data-e-type=\"widget\" data-widget_type=\"image.default\">\n\t\t\t\t<div class=\"elementor-widget-container\">\n\t\t\t\t\t\t\t\t\t\t\t\t\t\t\t<img fetchpriority=\"high\" decoding=\"async\" width=\"1024\" height=\"230\" src=\"https:\/\/horasquecuentan.com\/wp-content\/uploads\/2023\/04\/3-1024x230.png\" class=\"attachment-large size-large wp-image-927\" alt=\"\" srcset=\"https:\/\/horasquecuentan.com\/wp-content\/uploads\/2023\/04\/3-1024x230.png 1024w, https:\/\/horasquecuentan.com\/wp-content\/uploads\/2023\/04\/3-300x67.png 300w, https:\/\/horasquecuentan.com\/wp-content\/uploads\/2023\/04\/3-768x172.png 768w, https:\/\/horasquecuentan.com\/wp-content\/uploads\/2023\/04\/3.png 1200w\" sizes=\"(max-width: 1024px) 100vw, 1024px\" \/>\t\t\t\t\t\t\t\t\t\t\t\t\t\t\t<\/div>\n\t\t\t\t<\/div>\n\t\t\t\t\t<\/div>\n\t\t<\/div>\n\t\t\t\t\t<\/div>\n\t\t<\/section>\n\t\t\t\t<\/div>\n\t\t","protected":false},"excerpt":{"rendered":"<p>Miembros Ser miembro de Horas Que Cuentan es formar parte de una red donde el conocimiento se comparte, se multiplica y regresa en forma de oportunidades. Los miembros acceden a intercambios estrat\u00e9gicos, mentor\u00edas pr\u00e1cticas, acompa\u00f1amiento empresarial y una comunidad activa que entiende los retos reales de emprender en Panam\u00e1 y Centroam\u00e9rica. Adem\u00e1s, esta plataforma abre [&hellip;]<\/p>\n","protected":false},"author":1,"featured_media":0,"parent":0,"menu_order":0,"comment_status":"closed","ping_status":"closed","template":"","meta":{"site-sidebar-layout":"no-sidebar","site-content-layout":"page-builder","ast-site-content-layout":"","site-content-style":"default","site-sidebar-style":"default","ast-global-header-display":"","ast-banner-title-visibility":"","ast-main-header-display":"","ast-hfb-above-header-display":"","ast-hfb-below-header-display":"","ast-hfb-mobile-header-display":"","site-post-title":"disabled","ast-breadcrumbs-content":"","ast-featured-img":"disabled","footer-sml-layout":"","theme-transparent-header-meta":"","adv-header-id-meta":"","stick-header-meta":"","header-above-stick-meta":"","header-main-stick-meta":"","header-below-stick-meta":"","astra-migrate-meta-layouts":"default","ast-page-background-enabled":"default","ast-page-background-meta":{"desktop":{"background-color":"var(--ast-global-color-4)","background-image":"","background-repeat":"repeat","background-position":"center center","background-size":"auto","background-attachment":"scroll","background-type":"","background-media":"","overlay-type":"","overlay-color":"","overlay-gradient":""},"tablet":{"background-color":"","background-image":"","background-repeat":"repeat","background-position":"center center","background-size":"auto","background-attachment":"scroll","background-type":"","background-media":"","overlay-type":"","overlay-color":"","overlay-gradient":""},"mobile":{"background-color":"","background-image":"","background-repeat":"repeat","background-position":"center center","background-size":"auto","background-attachment":"scroll","background-type":"","background-media":"","overlay-type":"","overlay-color":"","overlay-gradient":""}},"ast-content-background-meta":{"desktop":{"background-color":"var(--ast-global-color-5)","background-image":"","background-repeat":"repeat","background-position":"center center","background-size":"auto","background-attachment":"scroll","background-type":"","background-media":"","overlay-type":"","overlay-color":"","overlay-gradient":""},"tablet":{"background-color":"var(--ast-global-color-5)","background-image":"","background-repeat":"repeat","background-position":"center center","background-size":"auto","background-attachment":"scroll","background-type":"","background-media":"","overlay-type":"","overlay-color":"","overlay-gradient":""},"mobile":{"background-color":"var(--ast-global-color-5)","background-image":"","background-repeat":"repeat","background-position":"center center","background-size":"auto","background-attachment":"scroll","background-type":"","background-media":"","overlay-type":"","overlay-color":"","overlay-gradient":""}},"footnotes":""},"class_list":["post-820","page","type-page","status-publish","hentry"],"_hostinger_reach_plugin_has_subscription_block":false,"_hostinger_reach_plugin_is_elementor":false,"_links":{"self":[{"href":"https:\/\/horasquecuentan.com\/index.php\/wp-json\/wp\/v2\/pages\/820","targetHints":{"allow":["GET"]}}],"collection":[{"href":"https:\/\/horasquecuentan.com\/index.php\/wp-json\/wp\/v2\/pages"}],"about":[{"href":"https:\/\/horasquecuentan.com\/index.php\/wp-json\/wp\/v2\/types\/page"}],"author":[{"embeddable":true,"href":"https:\/\/horasquecuentan.com\/index.php\/wp-json\/wp\/v2\/users\/1"}],"replies":[{"embeddable":true,"href":"https:\/\/horasquecuentan.com\/index.php\/wp-json\/wp\/v2\/comments?post=820"}],"version-history":[{"count":186,"href":"https:\/\/horasquecuentan.com\/index.php\/wp-json\/wp\/v2\/pages\/820\/revisions"}],"predecessor-version":[{"id":2724,"href":"https:\/\/horasquecuentan.com\/index.php\/wp-json\/wp\/v2\/pages\/820\/revisions\/2724"}],"wp:attachment":[{"href":"https:\/\/horasquecuentan.com\/index.php\/wp-json\/wp\/v2\/media?parent=820"}],"curies":[{"name":"wp","href":"https:\/\/api.w.org\/{rel}","templated":true}]}}